{"id":2,"date":"2024-11-24T16:05:33","date_gmt":"2024-11-24T13:05:33","guid":{"rendered":"https:\/\/gocekmobilmarin.com\/?page_id=2"},"modified":"2026-02-01T22:17:51","modified_gmt":"2026-02-01T19:17:51","slug":"ornek-sayfa","status":"publish","type":"page","link":"https:\/\/gocekmobilmarin.com\/index.php\/ornek-sayfa\/","title":{"rendered":"Yetkili Servis"},"content":{"rendered":"\n<p class=\"has-text-align-center\"><strong>YETK\u0130L\u0130 OLDU\u011eUMUZ SERV\u0130SLER<\/strong><\/p>\n\n\n\n<figure class=\"wp-block-image size-large\"><img loading=\"lazy\" decoding=\"async\" width=\"1024\" height=\"471\" src=\"https:\/\/gocekmobilmarin.com\/wp-content\/uploads\/2025\/11\/MARKA-1-1024x471.png\" alt=\"\" class=\"wp-image-152\" srcset=\"https:\/\/gocekmobilmarin.com\/wp-content\/uploads\/2025\/11\/MARKA-1-1024x471.png 1024w, https:\/\/gocekmobilmarin.com\/wp-content\/uploads\/2025\/11\/MARKA-1-300x138.png 300w, https:\/\/gocekmobilmarin.com\/wp-content\/uploads\/2025\/11\/MARKA-1-768x353.png 768w, https:\/\/gocekmobilmarin.com\/wp-content\/uploads\/2025\/11\/MARKA-1.png 1179w\" sizes=\"(max-width: 1024px) 100vw, 1024px\" \/><\/figure>\n\n\n\n<figure class=\"wp-block-image size-full is-resized\"><img loading=\"lazy\" decoding=\"async\" width=\"1079\" height=\"206\" src=\"https:\/\/gocekmobilmarin.com\/wp-content\/uploads\/2026\/02\/ALTMOB.png\" alt=\"\" class=\"wp-image-186\" style=\"aspect-ratio:5.238694905552376;width:875px;height:auto\" srcset=\"https:\/\/gocekmobilmarin.com\/wp-content\/uploads\/2026\/02\/ALTMOB.png 1079w, https:\/\/gocekmobilmarin.com\/wp-content\/uploads\/2026\/02\/ALTMOB-300x57.png 300w, https:\/\/gocekmobilmarin.com\/wp-content\/uploads\/2026\/02\/ALTMOB-1024x195.png 1024w, https:\/\/gocekmobilmarin.com\/wp-content\/uploads\/2026\/02\/ALTMOB-768x147.png 768w\" sizes=\"(max-width: 1079px) 100vw, 1079px\" \/><\/figure>\n\n\n","protected":false},"excerpt":{"rendered":"<p>YETK\u0130L\u0130 OLDU\u011eUMUZ SERV\u0130SLER<\/p>\n","protected":false},"author":1,"featured_media":0,"parent":0,"menu_order":0,"comment_status":"closed","ping_status":"open","template":"","meta":{"saved_in_kubio":true,"footnotes":""},"class_list":["post-2","page","type-page","status-publish","hentry"],"yoast_head":"<!-- This site is optimized with the Yoast SEO plugin v23.9 - https:\/\/yoast.com\/wordpress\/plugins\/seo\/ -->\n<title>Yetkili Servis - G\u00f6cek Mobil Marin<\/title>\n<meta name=\"robots\" content=\"index, follow, max-snippet:-1, max-image-preview:large, max-video-preview:-1\" \/>\n<link rel=\"canonical\" href=\"https:\/\/gocekmobilmarin.com\/index.php\/ornek-sayfa\/\" \/>\n<meta property=\"og:locale\" content=\"tr_TR\" \/>\n<meta property=\"og:type\" content=\"article\" \/>\n<meta property=\"og:title\" content=\"Yetkili Servis - G\u00f6cek Mobil Marin\" \/>\n<meta property=\"og:description\" content=\"YETK\u0130L\u0130 OLDU\u011eUMUZ SERV\u0130SLER\" \/>\n<meta property=\"og:url\" content=\"https:\/\/gocekmobilmarin.com\/index.php\/ornek-sayfa\/\" \/>\n<meta property=\"og:site_name\" content=\"G\u00f6cek Mobil Marin\" \/>\n<meta property=\"article:modified_time\" content=\"2026-02-01T19:17:51+00:00\" \/>\n<meta property=\"og:image\" content=\"https:\/\/gocekmobilmarin.com\/wp-content\/uploads\/2025\/11\/MARKA-1.png\" \/>\n\t<meta property=\"og:image:width\" content=\"1179\" \/>\n\t<meta property=\"og:image:height\" content=\"542\" \/>\n\t<meta property=\"og:image:type\" content=\"image\/png\" \/>\n<meta name=\"twitter:card\" content=\"summary_large_image\" \/>\n<meta name=\"twitter:label1\" content=\"Tahmini okuma s\u00fcresi\" \/>\n\t<meta name=\"twitter:data1\" content=\"1 dakika\" \/>\n<script type=\"application\/ld+json\" class=\"yoast-schema-graph\">{\"@context\":\"https:\/\/schema.org\",\"@graph\":[{\"@type\":\"WebPage\",\"@id\":\"https:\/\/gocekmobilmarin.com\/index.php\/ornek-sayfa\/\",\"url\":\"https:\/\/gocekmobilmarin.com\/index.php\/ornek-sayfa\/\",\"name\":\"Yetkili Servis - G\u00f6cek Mobil Marin\",\"isPartOf\":{\"@id\":\"https:\/\/gocekmobilmarin.com\/#website\"},\"primaryImageOfPage\":{\"@id\":\"https:\/\/gocekmobilmarin.com\/index.php\/ornek-sayfa\/#primaryimage\"},\"image\":{\"@id\":\"https:\/\/gocekmobilmarin.com\/index.php\/ornek-sayfa\/#primaryimage\"},\"thumbnailUrl\":\"https:\/\/gocekmobilmarin.com\/wp-content\/uploads\/2025\/11\/MARKA-1-1024x471.png\",\"datePublished\":\"2024-11-24T13:05:33+00:00\",\"dateModified\":\"2026-02-01T19:17:51+00:00\",\"breadcrumb\":{\"@id\":\"https:\/\/gocekmobilmarin.com\/index.php\/ornek-sayfa\/#breadcrumb\"},\"inLanguage\":\"tr\",\"potentialAction\":[{\"@type\":\"ReadAction\",\"target\":[\"https:\/\/gocekmobilmarin.com\/index.php\/ornek-sayfa\/\"]}]},{\"@type\":\"ImageObject\",\"inLanguage\":\"tr\",\"@id\":\"https:\/\/gocekmobilmarin.com\/index.php\/ornek-sayfa\/#primaryimage\",\"url\":\"https:\/\/gocekmobilmarin.com\/wp-content\/uploads\/2025\/11\/MARKA-1.png\",\"contentUrl\":\"https:\/\/gocekmobilmarin.com\/wp-content\/uploads\/2025\/11\/MARKA-1.png\",\"width\":1179,\"height\":542},{\"@type\":\"BreadcrumbList\",\"@id\":\"https:\/\/gocekmobilmarin.com\/index.php\/ornek-sayfa\/#breadcrumb\",\"itemListElement\":[{\"@type\":\"ListItem\",\"position\":1,\"name\":\"Home\",\"item\":\"https:\/\/gocekmobilmarin.com\/\"},{\"@type\":\"ListItem\",\"position\":2,\"name\":\"Yetkili Servis\"}]},{\"@type\":\"WebSite\",\"@id\":\"https:\/\/gocekmobilmarin.com\/#website\",\"url\":\"https:\/\/gocekmobilmarin.com\/\",\"name\":\"G\u00f6cek Mobil Marin\",\"description\":\"\",\"publisher\":{\"@id\":\"https:\/\/gocekmobilmarin.com\/#organization\"},\"potentialAction\":[{\"@type\":\"SearchAction\",\"target\":{\"@type\":\"EntryPoint\",\"urlTemplate\":\"https:\/\/gocekmobilmarin.com\/?s={search_term_string}\"},\"query-input\":{\"@type\":\"PropertyValueSpecification\",\"valueRequired\":true,\"valueName\":\"search_term_string\"}}],\"inLanguage\":\"tr\"},{\"@type\":\"Organization\",\"@id\":\"https:\/\/gocekmobilmarin.com\/#organization\",\"name\":\"G\u00f6cek Mobil Marin\",\"url\":\"https:\/\/gocekmobilmarin.com\/\",\"logo\":{\"@type\":\"ImageObject\",\"inLanguage\":\"tr\",\"@id\":\"https:\/\/gocekmobilmarin.com\/#\/schema\/logo\/image\/\",\"url\":\"https:\/\/gocekmobilmarin.com\/wp-content\/uploads\/2024\/11\/logz.png\",\"contentUrl\":\"https:\/\/gocekmobilmarin.com\/wp-content\/uploads\/2024\/11\/logz.png\",\"width\":531,\"height\":414,\"caption\":\"G\u00f6cek Mobil Marin\"},\"image\":{\"@id\":\"https:\/\/gocekmobilmarin.com\/#\/schema\/logo\/image\/\"}}]}<\/script>\n<!-- \/ Yoast SEO plugin. -->","yoast_head_json":{"title":"Yetkili Servis - G\u00f6cek Mobil Marin","robots":{"index":"index","follow":"follow","max-snippet":"max-snippet:-1","max-image-preview":"max-image-preview:large","max-video-preview":"max-video-preview:-1"},"canonical":"https:\/\/gocekmobilmarin.com\/index.php\/ornek-sayfa\/","og_locale":"tr_TR","og_type":"article","og_title":"Yetkili Servis - G\u00f6cek Mobil Marin","og_description":"YETK\u0130L\u0130 OLDU\u011eUMUZ SERV\u0130SLER","og_url":"https:\/\/gocekmobilmarin.com\/index.php\/ornek-sayfa\/","og_site_name":"G\u00f6cek Mobil Marin","article_modified_time":"2026-02-01T19:17:51+00:00","og_image":[{"width":1179,"height":542,"url":"https:\/\/gocekmobilmarin.com\/wp-content\/uploads\/2025\/11\/MARKA-1.png","type":"image\/png"}],"twitter_card":"summary_large_image","twitter_misc":{"Tahmini okuma s\u00fcresi":"1 dakika"},"schema":{"@context":"https:\/\/schema.org","@graph":[{"@type":"WebPage","@id":"https:\/\/gocekmobilmarin.com\/index.php\/ornek-sayfa\/","url":"https:\/\/gocekmobilmarin.com\/index.php\/ornek-sayfa\/","name":"Yetkili Servis - G\u00f6cek Mobil Marin","isPartOf":{"@id":"https:\/\/gocekmobilmarin.com\/#website"},"primaryImageOfPage":{"@id":"https:\/\/gocekmobilmarin.com\/index.php\/ornek-sayfa\/#primaryimage"},"image":{"@id":"https:\/\/gocekmobilmarin.com\/index.php\/ornek-sayfa\/#primaryimage"},"thumbnailUrl":"https:\/\/gocekmobilmarin.com\/wp-content\/uploads\/2025\/11\/MARKA-1-1024x471.png","datePublished":"2024-11-24T13:05:33+00:00","dateModified":"2026-02-01T19:17:51+00:00","breadcrumb":{"@id":"https:\/\/gocekmobilmarin.com\/index.php\/ornek-sayfa\/#breadcrumb"},"inLanguage":"tr","potentialAction":[{"@type":"ReadAction","target":["https:\/\/gocekmobilmarin.com\/index.php\/ornek-sayfa\/"]}]},{"@type":"ImageObject","inLanguage":"tr","@id":"https:\/\/gocekmobilmarin.com\/index.php\/ornek-sayfa\/#primaryimage","url":"https:\/\/gocekmobilmarin.com\/wp-content\/uploads\/2025\/11\/MARKA-1.png","contentUrl":"https:\/\/gocekmobilmarin.com\/wp-content\/uploads\/2025\/11\/MARKA-1.png","width":1179,"height":542},{"@type":"BreadcrumbList","@id":"https:\/\/gocekmobilmarin.com\/index.php\/ornek-sayfa\/#breadcrumb","itemListElement":[{"@type":"ListItem","position":1,"name":"Home","item":"https:\/\/gocekmobilmarin.com\/"},{"@type":"ListItem","position":2,"name":"Yetkili Servis"}]},{"@type":"WebSite","@id":"https:\/\/gocekmobilmarin.com\/#website","url":"https:\/\/gocekmobilmarin.com\/","name":"G\u00f6cek Mobil Marin","description":"","publisher":{"@id":"https:\/\/gocekmobilmarin.com\/#organization"},"potentialAction":[{"@type":"SearchAction","target":{"@type":"EntryPoint","urlTemplate":"https:\/\/gocekmobilmarin.com\/?s={search_term_string}"},"query-input":{"@type":"PropertyValueSpecification","valueRequired":true,"valueName":"search_term_string"}}],"inLanguage":"tr"},{"@type":"Organization","@id":"https:\/\/gocekmobilmarin.com\/#organization","name":"G\u00f6cek Mobil Marin","url":"https:\/\/gocekmobilmarin.com\/","logo":{"@type":"ImageObject","inLanguage":"tr","@id":"https:\/\/gocekmobilmarin.com\/#\/schema\/logo\/image\/","url":"https:\/\/gocekmobilmarin.com\/wp-content\/uploads\/2024\/11\/logz.png","contentUrl":"https:\/\/gocekmobilmarin.com\/wp-content\/uploads\/2024\/11\/logz.png","width":531,"height":414,"caption":"G\u00f6cek Mobil Marin"},"image":{"@id":"https:\/\/gocekmobilmarin.com\/#\/schema\/logo\/image\/"}}]}},"kubio_ai_page_context":{"short_desc":"","purpose":"general"},"_links":{"self":[{"href":"https:\/\/gocekmobilmarin.com\/index.php\/wp-json\/wp\/v2\/pages\/2","targetHints":{"allow":["GET"]}}],"collection":[{"href":"https:\/\/gocekmobilmarin.com\/index.php\/wp-json\/wp\/v2\/pages"}],"about":[{"href":"https:\/\/gocekmobilmarin.com\/index.php\/wp-json\/wp\/v2\/types\/page"}],"author":[{"embeddable":true,"href":"https:\/\/gocekmobilmarin.com\/index.php\/wp-json\/wp\/v2\/users\/1"}],"replies":[{"embeddable":true,"href":"https:\/\/gocekmobilmarin.com\/index.php\/wp-json\/wp\/v2\/comments?post=2"}],"version-history":[{"count":5,"href":"https:\/\/gocekmobilmarin.com\/index.php\/wp-json\/wp\/v2\/pages\/2\/revisions"}],"predecessor-version":[{"id":190,"href":"https:\/\/gocekmobilmarin.com\/index.php\/wp-json\/wp\/v2\/pages\/2\/revisions\/190"}],"wp:attachment":[{"href":"https:\/\/gocekmobilmarin.com\/index.php\/wp-json\/wp\/v2\/media?parent=2"}],"curies":[{"name":"wp","href":"https:\/\/api.w.org\/{rel}","templated":true}]}}